{"id":13247,"date":"2024-02-06T07:14:47","date_gmt":"2024-02-06T07:14:47","guid":{"rendered":"https:\/\/hlool.ps\/?product=wokin-562908-%d8%b7%d9%82%d9%85-%d9%85%d9%81%d9%83-%d9%83%d9%87%d8%b1%d8%a8%d8%a7%d8%a6%d9%8a-8-%d9%82%d8%b7%d8%b9-%d8%b5%d9%86%d8%a7%d8%b9%d9%8a"},"modified":"2024-02-19T10:11:02","modified_gmt":"2024-02-19T10:11:02","slug":"wokin-562908-%d8%b7%d9%82%d9%85-%d9%85%d9%81%d9%83-%d9%83%d9%87%d8%b1%d8%a8%d8%a7%d8%a6%d9%8a-8-%d9%82%d8%b7%d8%b9-%d8%b5%d9%86%d8%a7%d8%b9%d9%8a","status":"publish","type":"product","link":"https:\/\/hlool.ps\/?product=wokin-562908-%d8%b7%d9%82%d9%85-%d9%85%d9%81%d9%83-%d9%83%d9%87%d8%b1%d8%a8%d8%a7%d8%a6%d9%8a-8-%d9%82%d8%b7%d8%b9-%d8%b5%d9%86%d8%a7%d8%b9%d9%8a","title":{"rendered":"WOKIN 562908-\u0637\u0642\u0645 \u0645\u0641\u0643 \u0643\u0647\u0631\u0628\u0627\u0626\u064a 8 \u0642\u0637\u0639 \u0635\u0646\u0627\u0639\u064a"},"content":{"rendered":"","protected":false},"excerpt":{"rendered":"<p>> Insulated slotted screwdrivers: 0.4\u00d72.5x75mm; 0.8\u00d74.0x100mm; 1.0\u00d75.5x125mm; 1.2\u00d76.5x150mm<br \/>\n> Insulated phillips screwdrivers: PH0x60mm; PH1x80mm; PH2x100mm<br \/>\n> 3.0x70mm voltage tester<br \/>\n> VDE\/GS certificated<br \/>\n> Manufactured according to EN60900<\/p>\n","protected":false},"featured_media":13249,"comment_status":"closed","ping_status":"closed","template":"","meta":[],"product_brand":[],"product_cat":[284,293],"product_tag":[],"class_list":{"0":"post-13247","1":"product","2":"type-product","3":"status-publish","4":"has-post-thumbnail","6":"product_cat-maintenance-tools","7":"product_cat-293","9":"first","10":"instock","11":"purchasable","12":"product-type-simple"},"jetpack_sharing_enabled":true,"_links":{"self":[{"href":"https:\/\/hlool.ps\/index.php?rest_route=\/wp\/v2\/product\/13247","targetHints":{"allow":["GET"]}}],"collection":[{"href":"https:\/\/hlool.ps\/index.php?rest_route=\/wp\/v2\/product"}],"about":[{"href":"https:\/\/hlool.ps\/index.php?rest_route=\/wp\/v2\/types\/product"}],"replies":[{"embeddable":true,"href":"https:\/\/hlool.ps\/index.php?rest_route=%2Fwp%2Fv2%2Fcomments&post=13247"}],"version-history":[{"count":1,"href":"https:\/\/hlool.ps\/index.php?rest_route=\/wp\/v2\/product\/13247\/revisions"}],"predecessor-version":[{"id":13248,"href":"https:\/\/hlool.ps\/index.php?rest_route=\/wp\/v2\/product\/13247\/revisions\/13248"}],"wp:featuredmedia":[{"embeddable":true,"href":"https:\/\/hlool.ps\/index.php?rest_route=\/wp\/v2\/media\/13249"}],"wp:attachment":[{"href":"https:\/\/hlool.ps\/index.php?rest_route=%2Fwp%2Fv2%2Fmedia&parent=13247"}],"wp:term":[{"taxonomy":"product_brand","embeddable":true,"href":"https:\/\/hlool.ps\/index.php?rest_route=%2Fwp%2Fv2%2Fproduct_brand&post=13247"},{"taxonomy":"product_cat","embeddable":true,"href":"https:\/\/hlool.ps\/index.php?rest_route=%2Fwp%2Fv2%2Fproduct_cat&post=13247"},{"taxonomy":"product_tag","embeddable":true,"href":"https:\/\/hlool.ps\/index.php?rest_route=%2Fwp%2Fv2%2Fproduct_tag&post=13247"}],"curies":[{"name":"wp","href":"https:\/\/api.w.org\/{rel}","templated":true}]}}