{"id":13229,"date":"2024-02-06T07:14:47","date_gmt":"2024-02-06T07:14:47","guid":{"rendered":"https:\/\/hlool.ps\/?product=wokin-569811-%d8%b7%d9%82%d9%85-%d8%b9%d8%af%d8%a9-%d9%83%d9%87%d8%b1%d8%a8%d8%a7%d8%a6%d9%8a-%d9%85%d8%b9%d8%b2%d9%88%d9%84-11-%d9%82%d8%b7%d8%b9%d8%a9"},"modified":"2025-01-18T10:32:23","modified_gmt":"2025-01-18T10:32:23","slug":"wokin-569811-%d8%b7%d9%82%d9%85-%d8%b9%d8%af%d8%a9-%d9%83%d9%87%d8%b1%d8%a8%d8%a7%d8%a6%d9%8a-%d9%85%d8%b9%d8%b2%d9%88%d9%84-11-%d9%82%d8%b7%d8%b9%d8%a9","status":"publish","type":"product","link":"https:\/\/hlool.ps\/?product=wokin-569811-%d8%b7%d9%82%d9%85-%d8%b9%d8%af%d8%a9-%d9%83%d9%87%d8%b1%d8%a8%d8%a7%d8%a6%d9%8a-%d9%85%d8%b9%d8%b2%d9%88%d9%84-11-%d9%82%d8%b7%d8%b9%d8%a9","title":{"rendered":"WOKIN 569811-\u0637\u0642\u0645 \u0639\u062f\u0629 \u0643\u0647\u0631\u0628\u0627\u0626\u064a \u0645\u0639\u0632\u0648\u0644 11 \u0642\u0637\u0639\u0629"},"content":{"rendered":"<p>&gt; Contents:<br \/>\n180mm insulated combination pliers;<br \/>\n200mm insulated long nose pliers;<br \/>\n160mm insulated diagonal cutting pliers;<br \/>\n160mm insulated wire stripping pliers;<br \/>\nInsulated slotted screwdrivers:<br \/>\n0.4\u00d72.5x75mm; 0.8\u00d74.0x100mm; 1.0\u00d75.5x125mm;<br \/>\nInsulated phillips screwdrivers:<br \/>\nPH1x80mm; PH2x100mm;<br \/>\n3.0x70mm voltage tester;<br \/>\n50x180mm cable knife;<br \/>\n&gt; VDE\/GS certificated<br \/>\n&gt; Manufactured according to EN60900<br \/>\n&gt; Packing: canvas bag with color box<\/p>\n","protected":false},"excerpt":{"rendered":"<p>&gt; Contents: 180mm insulated combination pliers; 200mm insulated long nose pliers; 160mm insulated diagonal cutting pliers; 160mm insulated wire stripping<\/p>\n","protected":false},"featured_media":13231,"comment_status":"closed","ping_status":"closed","template":"","meta":[],"product_brand":[],"product_cat":[284,293],"product_tag":[],"class_list":{"0":"post-13229","1":"product","2":"type-product","3":"status-publish","4":"has-post-thumbnail","6":"product_cat-maintenance-tools","7":"product_cat-293","9":"first","10":"instock","11":"purchasable","12":"product-type-simple"},"jetpack_sharing_enabled":true,"_links":{"self":[{"href":"https:\/\/hlool.ps\/index.php?rest_route=\/wp\/v2\/product\/13229","targetHints":{"allow":["GET"]}}],"collection":[{"href":"https:\/\/hlool.ps\/index.php?rest_route=\/wp\/v2\/product"}],"about":[{"href":"https:\/\/hlool.ps\/index.php?rest_route=\/wp\/v2\/types\/product"}],"replies":[{"embeddable":true,"href":"https:\/\/hlool.ps\/index.php?rest_route=%2Fwp%2Fv2%2Fcomments&post=13229"}],"version-history":[{"count":2,"href":"https:\/\/hlool.ps\/index.php?rest_route=\/wp\/v2\/product\/13229\/revisions"}],"predecessor-version":[{"id":16425,"href":"https:\/\/hlool.ps\/index.php?rest_route=\/wp\/v2\/product\/13229\/revisions\/16425"}],"wp:featuredmedia":[{"embeddable":true,"href":"https:\/\/hlool.ps\/index.php?rest_route=\/wp\/v2\/media\/13231"}],"wp:attachment":[{"href":"https:\/\/hlool.ps\/index.php?rest_route=%2Fwp%2Fv2%2Fmedia&parent=13229"}],"wp:term":[{"taxonomy":"product_brand","embeddable":true,"href":"https:\/\/hlool.ps\/index.php?rest_route=%2Fwp%2Fv2%2Fproduct_brand&post=13229"},{"taxonomy":"product_cat","embeddable":true,"href":"https:\/\/hlool.ps\/index.php?rest_route=%2Fwp%2Fv2%2Fproduct_cat&post=13229"},{"taxonomy":"product_tag","embeddable":true,"href":"https:\/\/hlool.ps\/index.php?rest_route=%2Fwp%2Fv2%2Fproduct_tag&post=13229"}],"curies":[{"name":"wp","href":"https:\/\/api.w.org\/{rel}","templated":true}]}}