{"id":12965,"date":"2024-02-06T07:13:22","date_gmt":"2024-02-06T07:13:22","guid":{"rendered":"https:\/\/hlool.ps\/?product=wokin-151012-%d8%b7%d9%82%d9%85-%d8%b1%d9%86%d8%ac-%d8%b1%d9%86%d8%ac-12-%d9%82%d8%b7%d8%b9%d8%a9"},"modified":"2024-02-19T10:13:54","modified_gmt":"2024-02-19T10:13:54","slug":"wokin-151012-%d8%b7%d9%82%d9%85-%d8%b1%d9%86%d8%ac-%d8%b1%d9%86%d8%ac-12-%d9%82%d8%b7%d8%b9%d8%a9","status":"publish","type":"product","link":"https:\/\/hlool.ps\/?product=wokin-151012-%d8%b7%d9%82%d9%85-%d8%b1%d9%86%d8%ac-%d8%b1%d9%86%d8%ac-12-%d9%82%d8%b7%d8%b9%d8%a9","title":{"rendered":"WOKIN 151012 -\u0637\u0642\u0645 \u0631\u0646\u062c \u0631\u0646\u062c 12 \u0642\u0637\u0639\u0629"},"content":{"rendered":"<p>> Size: 6\u00d77, 8\u00d79, 10\u00d711, 12\u00d713, 14\u00d715, 16\u00d717, 18\u00d719, 20\u00d722, 21\u00d723, 24\u00d727, 25\u00d728, 30\u00d732 mm<br \/>\n> CrV<br \/>\n> Chrome plated, satin finish<br \/>\n> Packing: pouch with color box<\/p>\n","protected":false},"excerpt":{"rendered":"<p>12PCS DOUBLE RING SPANNER SET(INDUSTRIAL)<\/p>\n","protected":false},"featured_media":12967,"comment_status":"closed","ping_status":"closed","template":"","meta":[],"product_brand":[],"product_cat":[284,302],"product_tag":[],"class_list":{"0":"post-12965","1":"product","2":"type-product","3":"status-publish","4":"has-post-thumbnail","6":"product_cat-maintenance-tools","7":"product_cat-302","9":"first","10":"instock","11":"purchasable","12":"product-type-simple"},"jetpack_sharing_enabled":true,"_links":{"self":[{"href":"https:\/\/hlool.ps\/index.php?rest_route=\/wp\/v2\/product\/12965","targetHints":{"allow":["GET"]}}],"collection":[{"href":"https:\/\/hlool.ps\/index.php?rest_route=\/wp\/v2\/product"}],"about":[{"href":"https:\/\/hlool.ps\/index.php?rest_route=\/wp\/v2\/types\/product"}],"replies":[{"embeddable":true,"href":"https:\/\/hlool.ps\/index.php?rest_route=%2Fwp%2Fv2%2Fcomments&post=12965"}],"version-history":[{"count":1,"href":"https:\/\/hlool.ps\/index.php?rest_route=\/wp\/v2\/product\/12965\/revisions"}],"predecessor-version":[{"id":12966,"href":"https:\/\/hlool.ps\/index.php?rest_route=\/wp\/v2\/product\/12965\/revisions\/12966"}],"wp:featuredmedia":[{"embeddable":true,"href":"https:\/\/hlool.ps\/index.php?rest_route=\/wp\/v2\/media\/12967"}],"wp:attachment":[{"href":"https:\/\/hlool.ps\/index.php?rest_route=%2Fwp%2Fv2%2Fmedia&parent=12965"}],"wp:term":[{"taxonomy":"product_brand","embeddable":true,"href":"https:\/\/hlool.ps\/index.php?rest_route=%2Fwp%2Fv2%2Fproduct_brand&post=12965"},{"taxonomy":"product_cat","embeddable":true,"href":"https:\/\/hlool.ps\/index.php?rest_route=%2Fwp%2Fv2%2Fproduct_cat&post=12965"},{"taxonomy":"product_tag","embeddable":true,"href":"https:\/\/hlool.ps\/index.php?rest_route=%2Fwp%2Fv2%2Fproduct_tag&post=12965"}],"curies":[{"name":"wp","href":"https:\/\/api.w.org\/{rel}","templated":true}]}}